{"id":4892,"date":"2024-06-17T19:32:15","date_gmt":"2024-06-17T17:32:15","guid":{"rendered":"https:\/\/styrsobolaget.se\/hantering-av-personuppgifter\/"},"modified":"2024-08-14T14:21:02","modified_gmt":"2024-08-14T12:21:02","slug":"handling-of-personal-data","status":"publish","type":"page","link":"https:\/\/styrsobolaget.se\/en\/handling-of-personal-data\/","title":{"rendered":"Cookies and handling of personal data"},"content":{"rendered":"<div\nclass=\"text-image container-px container-my\"\n\n    data-color-theme=white\n    data-color-theme-brightness=light\n>\n    <div\n    class=\"text-image__inner container mx-auto\"\n    >\n        <div\n        class=\"text-image__content-wrap mx-auto\">\n            <article\n            class=\"text-image__content max-w-[700px] mx-auto\">\n                \n                <h2 class=\"heading-md md:heading-lg title-theme-color   mb-2 \">\n                    Privacy policy\n                <\/h2>\n\n                                    <span class=\"body-md mt-1 mb-6 block title-theme-color\">\n                        Processing of personal data for AB G\u00f6teborg Styrs\u00f6 Sk\u00e4rg\u00e5rdstrafik\n                    <\/span>\n                \n                                    <div class=\"body-sm text-theme-color wysiwyg\">\n                        <p>Styrs\u00f6bolaget collects personal data from customers who book cargo and vehicle transports or request charter trips for passenger transport. Styrs\u00f6bolaget also gathers personal data from those who wish to subscribe to services via the website, such as information on traffic changes, group pre-notification, etc.<\/p>\n<p>Personal data includes name, address, phone number, email address, personal identification number, and any other information that can be linked to an individual.<\/p>\n\n                    <\/div>\n                \n                \n                            <\/article>\n        <\/div>\n\n            <\/div>\n<\/div>\n\n<div\nclass=\"accordion-block\">\n    <div\n    class=\"accordion container mx-auto container-py container-my\"\n    data-color-theme=\"light-blue\"\n    data-color-theme-brightness=\"light\">\n\n        <div class=\"accordion__inner container-px\">\n            \n            \n            <div class=\"accordion__holder\">\n                                    <div class=\"accordion__parent\">\n                        <button\n                        class=\"accordion__title pr-2 text-start\"\n                        data-js=\"AccordionTrigger\"\n                        aria-controls=\"accordion-content\">\n                            Orders and complaints\n                            <div class=\"accordion__arrow\">\n                                <svg\n                                width=\"20\"\n                                height=\"13\"\n                                viewBox=\"0 0 20 13\"\n                                fill=\"none\"\n                                xmlns=\"http:\/\/www.w3.org\/2000\/svg\">\n                                    <path\n                                    d=\"M20 2.38751L10 12.3875L-4.37114e-07 2.38751L1.775 0.612512L10 8.83751L18.225 0.612511L20 2.38751Z\"\n                                    fill=\"currentColor\"\/>\n                                <\/svg>\n                            <\/div>\n                        <\/button>\n\n                        <div\n                        class=\"accordion__content\"\n                        data-js=\"AccordionContent\"\n                        aria-expanded=\"false\"\n                        id=\"accordion-content\">\n                            <div class=\"child-to-hide\">\n                                <div class=\"wysiwyg accordion pb-1\">\n                                    <p>When you order a service from Styrs\u00f6bolaget via the internet, phone, or email, your personal information will be recorded in our systems and used for managing your booking or requested service.<\/p>\n<p>Your personal identification number is recorded when booking a transport to facilitate credit arrangements, such as when you wish to pay by invoice, and may be registered in debt collection cases if necessary.<\/p>\n<p>For complaints, relevant information will be recorded to handle your case effectively.<\/p>\n\n                                <\/div>\n                            <\/div>\n                        <\/div>\n                    <\/div>\n                                    <div class=\"accordion__parent\">\n                        <button\n                        class=\"accordion__title pr-2 text-start\"\n                        data-js=\"AccordionTrigger\"\n                        aria-controls=\"accordion-content\">\n                            How long will the data be kept?\n                            <div class=\"accordion__arrow\">\n                                <svg\n                                width=\"20\"\n                                height=\"13\"\n                                viewBox=\"0 0 20 13\"\n                                fill=\"none\"\n                                xmlns=\"http:\/\/www.w3.org\/2000\/svg\">\n                                    <path\n                                    d=\"M20 2.38751L10 12.3875L-4.37114e-07 2.38751L1.775 0.612512L10 8.83751L18.225 0.612511L20 2.38751Z\"\n                                    fill=\"currentColor\"\/>\n                                <\/svg>\n                            <\/div>\n                        <\/button>\n\n                        <div\n                        class=\"accordion__content\"\n                        data-js=\"AccordionContent\"\n                        aria-expanded=\"false\"\n                        id=\"accordion-content\">\n                            <div class=\"child-to-hide\">\n                                <div class=\"wysiwyg accordion pb-1\">\n                                    <p>We retain your personal data for as long as necessary to fulfill your order, invoice, and handle any complaints or claims. After this period, we keep the data in accordance with other legal requirements, such as accounting regulations.<\/p>\n\n                                <\/div>\n                            <\/div>\n                        <\/div>\n                    <\/div>\n                                    <div class=\"accordion__parent\">\n                        <button\n                        class=\"accordion__title pr-2 text-start\"\n                        data-js=\"AccordionTrigger\"\n                        aria-controls=\"accordion-content\">\n                            Who we share the data with\n                            <div class=\"accordion__arrow\">\n                                <svg\n                                width=\"20\"\n                                height=\"13\"\n                                viewBox=\"0 0 20 13\"\n                                fill=\"none\"\n                                xmlns=\"http:\/\/www.w3.org\/2000\/svg\">\n                                    <path\n                                    d=\"M20 2.38751L10 12.3875L-4.37114e-07 2.38751L1.775 0.612512L10 8.83751L18.225 0.612511L20 2.38751Z\"\n                                    fill=\"currentColor\"\/>\n                                <\/svg>\n                            <\/div>\n                        <\/button>\n\n                        <div\n                        class=\"accordion__content\"\n                        data-js=\"AccordionContent\"\n                        aria-expanded=\"false\"\n                        id=\"accordion-content\">\n                            <div class=\"child-to-hide\">\n                                <div class=\"wysiwyg accordion pb-1\">\n                                    <p>Styrs\u00f6bolaget does not sell, trade, or forward your personal data to others. We may compile statistics about our customers for internal reporting, but this data contains no personally identifiable information. Styrs\u00f6bolaget may disclose account information if required to comply with the law.<\/p>\n\n                                <\/div>\n                            <\/div>\n                        <\/div>\n                    <\/div>\n                                    <div class=\"accordion__parent\">\n                        <button\n                        class=\"accordion__title pr-2 text-start\"\n                        data-js=\"AccordionTrigger\"\n                        aria-controls=\"accordion-content\">\n                            Request for data extracts and corrections\n                            <div class=\"accordion__arrow\">\n                                <svg\n                                width=\"20\"\n                                height=\"13\"\n                                viewBox=\"0 0 20 13\"\n                                fill=\"none\"\n                                xmlns=\"http:\/\/www.w3.org\/2000\/svg\">\n                                    <path\n                                    d=\"M20 2.38751L10 12.3875L-4.37114e-07 2.38751L1.775 0.612512L10 8.83751L18.225 0.612511L20 2.38751Z\"\n                                    fill=\"currentColor\"\/>\n                                <\/svg>\n                            <\/div>\n                        <\/button>\n\n                        <div\n                        class=\"accordion__content\"\n                        data-js=\"AccordionContent\"\n                        aria-expanded=\"false\"\n                        id=\"accordion-content\">\n                            <div class=\"child-to-hide\">\n                                <div class=\"wysiwyg accordion pb-1\">\n                                    <p>You have the right to request, once per year, information about the personal data Styrs\u00f6bolaget processes about you. If you believe that any information about you is incorrect or misleading, you should contact Styrs\u00f6bolaget to have the data corrected or deleted. Requests for information must be made to Styrs\u00f6bolaget through a written and signed request. The request should include your name, phone number, and email address.<\/p>\n<p>Please send your letter to:<\/p>\n<p>Styrs\u00f6bolaget<br \/>\nDept: Data Extract<br \/>\nBox 5085<br \/>\n426 05 V\u00e4stra Fr\u00f6lunda<br \/>\nSweden<\/p>\n\n                                <\/div>\n                            <\/div>\n                        <\/div>\n                    <\/div>\n                                    <div class=\"accordion__parent\">\n                        <button\n                        class=\"accordion__title pr-2 text-start\"\n                        data-js=\"AccordionTrigger\"\n                        aria-controls=\"accordion-content\">\n                            Contact\n                            <div class=\"accordion__arrow\">\n                                <svg\n                                width=\"20\"\n                                height=\"13\"\n                                viewBox=\"0 0 20 13\"\n                                fill=\"none\"\n                                xmlns=\"http:\/\/www.w3.org\/2000\/svg\">\n                                    <path\n                                    d=\"M20 2.38751L10 12.3875L-4.37114e-07 2.38751L1.775 0.612512L10 8.83751L18.225 0.612511L20 2.38751Z\"\n                                    fill=\"currentColor\"\/>\n                                <\/svg>\n                            <\/div>\n                        <\/button>\n\n                        <div\n                        class=\"accordion__content\"\n                        data-js=\"AccordionContent\"\n                        aria-expanded=\"false\"\n                        id=\"accordion-content\">\n                            <div class=\"child-to-hide\">\n                                <div class=\"wysiwyg accordion pb-1\">\n                                    <p>If you have any questions regarding the processing of personal data at Styrs\u00f6bolaget, you can contact us at the address above<\/p>\n<p>.<\/p>\n\n                                <\/div>\n                            <\/div>\n                        <\/div>\n                    <\/div>\n                                    <div class=\"accordion__parent\">\n                        <button\n                        class=\"accordion__title pr-2 text-start\"\n                        data-js=\"AccordionTrigger\"\n                        aria-controls=\"accordion-content\">\n                            Miscellaneous\n                            <div class=\"accordion__arrow\">\n                                <svg\n                                width=\"20\"\n                                height=\"13\"\n                                viewBox=\"0 0 20 13\"\n                                fill=\"none\"\n                                xmlns=\"http:\/\/www.w3.org\/2000\/svg\">\n                                    <path\n                                    d=\"M20 2.38751L10 12.3875L-4.37114e-07 2.38751L1.775 0.612512L10 8.83751L18.225 0.612511L20 2.38751Z\"\n                                    fill=\"currentColor\"\/>\n                                <\/svg>\n                            <\/div>\n                        <\/button>\n\n                        <div\n                        class=\"accordion__content\"\n                        data-js=\"AccordionContent\"\n                        aria-expanded=\"false\"\n                        id=\"accordion-content\">\n                            <div class=\"child-to-hide\">\n                                <div class=\"wysiwyg accordion pb-1\">\n                                    <p>The General Data Protection Regulation (GDPR) contains rules on how personal data may be processed. The regulation has been in effect since May 25, 2018, replacing the Swedish Personal Data Act (PuL). For more information about the GDPR, please visit the Swedish Data Protection Authority&#8217;s website: <a href=\"http:\/\/www.datainspektionen.se\/dataskyddsreformen\">www.datainspektionen.se\/dataskyddsreformen<\/a><\/p>\n\n                                <\/div>\n                            <\/div>\n                        <\/div>\n                    <\/div>\n                            <\/div>\n        <\/div>\n    <\/div>\n<\/div>\n\n<div\nclass=\"banner-block container-px container-my\"\ndata-color-theme=\"white\"\ndata-color-theme-brightness=\"light\">\n    <div class=\"container mx-auto\">\n        <article class=\"banner-block__content\">\n            \n            <h2 class=\"heading-md md:heading-lg title-theme-color\">\n                About cookies and tracking on our website.\n            <\/h2>\n\n            \n                            <div class=\"body-sm mt-[30px] text-theme-color wysiwyg\">\n                    <p>Cookies are small text files stored on the visitor&#8217;s computer that can enhance the user experience on the website.<\/p>\n<ul>\n<li>Styrs\u00f6bolaget&#8217;s website uses cookies to ensure the proper functioning of certain web services. More information will be provided shortly.<\/li>\n<li><a href=\"https:\/\/www.imy.se\/privatperson\/dataskydd\/introduktion-till-gdpr\/\" target=\"_blank\" rel=\"noopener\">The Swedish Authority for Privacy Protection (IMY)<\/a> is the supervisory authority in this area and provides additional information about cookies on its website.<\/li>\n<\/ul>\n\n                <\/div>\n            \n            \n                    <\/article>\n    <\/div>\n<\/div>","protected":false},"excerpt":{"rendered":"","protected":false},"author":1,"featured_media":0,"parent":0,"menu_order":0,"comment_status":"closed","ping_status":"closed","template":"","meta":{"_acf_changed":false,"footnotes":""},"class_list":["post-4892","page","type-page","status-publish","hentry"],"acf":[],"yoast_head":"<!-- This site is optimized with the Yoast SEO plugin v27.5 - https:\/\/yoast.com\/product\/yoast-seo-wordpress\/ -->\n<title>Cookies and handling of personal data &#8226; Styrs\u00f6bolaget Cookies and handling of personal data &#8226; En del av Transdev<\/title>\n<meta name=\"description\" content=\"We are a shipping company on Sweden&#039;s west coast, operating public transportation in Gothenburg&#039;s southern archipelago and river traffic. We also offer our own summer cruises to the archipelago, transport goods and vehicles to the archipelago, and rent out our vessel M\/S Kungs\u00f6 for events. As a subsidiary of Transdev Sverige, we are part of the international Transdev Group.\" \/>\n<meta name=\"robots\" content=\"index, follow, max-snippet:-1, max-image-preview:large, max-video-preview:-1\" \/>\n<link rel=\"canonical\" href=\"https:\/\/styrsobolaget.se\/en\/handling-of-personal-data\/\" \/>\n<meta property=\"og:locale\" content=\"en_US\" \/>\n<meta property=\"og:type\" content=\"article\" \/>\n<meta property=\"og:title\" content=\"Cookies and handling of personal data &#8226; Styrs\u00f6bolaget Cookies and handling of personal data &#8226; En del av Transdev\" \/>\n<meta property=\"og:description\" content=\"We are a shipping company on Sweden&#039;s west coast, operating public transportation in Gothenburg&#039;s southern archipelago and river traffic. We also offer our own summer cruises to the archipelago, transport goods and vehicles to the archipelago, and rent out our vessel M\/S Kungs\u00f6 for events. As a subsidiary of Transdev Sverige, we are part of the international Transdev Group.\" \/>\n<meta property=\"og:url\" content=\"https:\/\/styrsobolaget.se\/en\/handling-of-personal-data\/\" \/>\n<meta property=\"og:site_name\" content=\"Styrs\u00f6bolaget\" \/>\n<meta property=\"article:publisher\" content=\"https:\/\/www.facebook.com\/profile.php?id=100057580144597\" \/>\n<meta property=\"article:modified_time\" content=\"2024-08-14T12:21:02+00:00\" \/>\n<meta property=\"og:image\" content=\"https:\/\/transdev.se\/wp-content\/uploads\/sites\/5\/2024\/08\/og-styrso.jpg\" \/>\n\t<meta property=\"og:image:width\" content=\"1200\" \/>\n\t<meta property=\"og:image:height\" content=\"630\" \/>\n\t<meta property=\"og:image:type\" content=\"image\/jpeg\" \/>\n<meta name=\"twitter:card\" content=\"summary_large_image\" \/>\n<script type=\"application\/ld+json\" class=\"yoast-schema-graph\">{\"@context\":\"https:\\\/\\\/schema.org\",\"@graph\":[{\"@type\":\"WebPage\",\"@id\":\"https:\\\/\\\/styrsobolaget.se\\\/en\\\/handling-of-personal-data\\\/\",\"url\":\"https:\\\/\\\/styrsobolaget.se\\\/en\\\/handling-of-personal-data\\\/\",\"name\":\"Cookies and handling of personal data &#8226; Styrs\u00f6bolaget Cookies and handling of personal data &#8226; En del av Transdev\",\"isPartOf\":{\"@id\":\"https:\\\/\\\/styrsobolaget.se\\\/en\\\/#website\"},\"datePublished\":\"2024-06-17T17:32:15+00:00\",\"dateModified\":\"2024-08-14T12:21:02+00:00\",\"description\":\"We are a shipping company on Sweden's west coast, operating public transportation in Gothenburg's southern archipelago and river traffic. We also offer our own summer cruises to the archipelago, transport goods and vehicles to the archipelago, and rent out our vessel M\\\/S Kungs\u00f6 for events. As a subsidiary of Transdev Sverige, we are part of the international Transdev Group.\",\"breadcrumb\":{\"@id\":\"https:\\\/\\\/styrsobolaget.se\\\/en\\\/handling-of-personal-data\\\/#breadcrumb\"},\"inLanguage\":\"en-US\",\"potentialAction\":[{\"@type\":\"ReadAction\",\"target\":[\"https:\\\/\\\/styrsobolaget.se\\\/en\\\/handling-of-personal-data\\\/\"]}]},{\"@type\":\"BreadcrumbList\",\"@id\":\"https:\\\/\\\/styrsobolaget.se\\\/en\\\/handling-of-personal-data\\\/#breadcrumb\",\"itemListElement\":[{\"@type\":\"ListItem\",\"position\":1,\"name\":\"Home\",\"item\":\"https:\\\/\\\/styrsobolaget.se\\\/en\\\/\"},{\"@type\":\"ListItem\",\"position\":2,\"name\":\"Cookies and handling of personal data\"}]},{\"@type\":\"WebSite\",\"@id\":\"https:\\\/\\\/styrsobolaget.se\\\/en\\\/#website\",\"url\":\"https:\\\/\\\/styrsobolaget.se\\\/en\\\/\",\"name\":\"styrsobolaget.se\",\"description\":\"En del av Transdev\",\"publisher\":{\"@id\":\"https:\\\/\\\/styrsobolaget.se\\\/en\\\/#organization\"},\"alternateName\":\"Styrs\u00f6bolaget\",\"potentialAction\":[{\"@type\":\"SearchAction\",\"target\":{\"@type\":\"EntryPoint\",\"urlTemplate\":\"https:\\\/\\\/styrsobolaget.se\\\/en\\\/?s={search_term_string}\"},\"query-input\":{\"@type\":\"PropertyValueSpecification\",\"valueRequired\":true,\"valueName\":\"search_term_string\"}}],\"inLanguage\":\"en-US\"},{\"@type\":\"Organization\",\"@id\":\"https:\\\/\\\/styrsobolaget.se\\\/en\\\/#organization\",\"name\":\"AB G\u00f6teborg-Styrs\u00f6 Sk\u00e4rg\u00e5rdstrafik\",\"alternateName\":\"Styrs\u00f6bolaget\",\"url\":\"https:\\\/\\\/styrsobolaget.se\\\/en\\\/\",\"logo\":{\"@type\":\"ImageObject\",\"inLanguage\":\"en-US\",\"@id\":\"https:\\\/\\\/styrsobolaget.se\\\/en\\\/#\\\/schema\\\/logo\\\/image\\\/\",\"url\":\"https:\\\/\\\/transdev.se\\\/wp-content\\\/uploads\\\/sites\\\/5\\\/2024\\\/07\\\/Site_representation_Styrso_696x696px.png\",\"contentUrl\":\"https:\\\/\\\/transdev.se\\\/wp-content\\\/uploads\\\/sites\\\/5\\\/2024\\\/07\\\/Site_representation_Styrso_696x696px.png\",\"width\":696,\"height\":696,\"caption\":\"AB G\u00f6teborg-Styrs\u00f6 Sk\u00e4rg\u00e5rdstrafik\"},\"image\":{\"@id\":\"https:\\\/\\\/styrsobolaget.se\\\/en\\\/#\\\/schema\\\/logo\\\/image\\\/\"},\"sameAs\":[\"https:\\\/\\\/www.facebook.com\\\/profile.php?id=100057580144597\",\"https:\\\/\\\/www.instagram.com\\\/styrsobolaget\\\/\",\"https:\\\/\\\/www.linkedin.com\\\/company\\\/styrsobolaget\\\/\"]}]}<\/script>\n<!-- \/ Yoast SEO plugin. -->","yoast_head_json":{"title":"Cookies and handling of personal data &#8226; Styrs\u00f6bolaget Cookies and handling of personal data &#8226; En del av Transdev","description":"We are a shipping company on Sweden's west coast, operating public transportation in Gothenburg's southern archipelago and river traffic. We also offer our own summer cruises to the archipelago, transport goods and vehicles to the archipelago, and rent out our vessel M\/S Kungs\u00f6 for events. As a subsidiary of Transdev Sverige, we are part of the international Transdev Group.","robots":{"index":"index","follow":"follow","max-snippet":"max-snippet:-1","max-image-preview":"max-image-preview:large","max-video-preview":"max-video-preview:-1"},"canonical":"https:\/\/styrsobolaget.se\/en\/handling-of-personal-data\/","og_locale":"en_US","og_type":"article","og_title":"Cookies and handling of personal data &#8226; Styrs\u00f6bolaget Cookies and handling of personal data &#8226; En del av Transdev","og_description":"We are a shipping company on Sweden's west coast, operating public transportation in Gothenburg's southern archipelago and river traffic. We also offer our own summer cruises to the archipelago, transport goods and vehicles to the archipelago, and rent out our vessel M\/S Kungs\u00f6 for events. As a subsidiary of Transdev Sverige, we are part of the international Transdev Group.","og_url":"https:\/\/styrsobolaget.se\/en\/handling-of-personal-data\/","og_site_name":"Styrs\u00f6bolaget","article_publisher":"https:\/\/www.facebook.com\/profile.php?id=100057580144597","article_modified_time":"2024-08-14T12:21:02+00:00","og_image":[{"width":1200,"height":630,"url":"https:\/\/transdev.se\/wp-content\/uploads\/sites\/5\/2024\/08\/og-styrso.jpg","type":"image\/jpeg"}],"twitter_card":"summary_large_image","schema":{"@context":"https:\/\/schema.org","@graph":[{"@type":"WebPage","@id":"https:\/\/styrsobolaget.se\/en\/handling-of-personal-data\/","url":"https:\/\/styrsobolaget.se\/en\/handling-of-personal-data\/","name":"Cookies and handling of personal data &#8226; Styrs\u00f6bolaget Cookies and handling of personal data &#8226; En del av Transdev","isPartOf":{"@id":"https:\/\/styrsobolaget.se\/en\/#website"},"datePublished":"2024-06-17T17:32:15+00:00","dateModified":"2024-08-14T12:21:02+00:00","description":"We are a shipping company on Sweden's west coast, operating public transportation in Gothenburg's southern archipelago and river traffic. We also offer our own summer cruises to the archipelago, transport goods and vehicles to the archipelago, and rent out our vessel M\/S Kungs\u00f6 for events. As a subsidiary of Transdev Sverige, we are part of the international Transdev Group.","breadcrumb":{"@id":"https:\/\/styrsobolaget.se\/en\/handling-of-personal-data\/#breadcrumb"},"inLanguage":"en-US","potentialAction":[{"@type":"ReadAction","target":["https:\/\/styrsobolaget.se\/en\/handling-of-personal-data\/"]}]},{"@type":"BreadcrumbList","@id":"https:\/\/styrsobolaget.se\/en\/handling-of-personal-data\/#breadcrumb","itemListElement":[{"@type":"ListItem","position":1,"name":"Home","item":"https:\/\/styrsobolaget.se\/en\/"},{"@type":"ListItem","position":2,"name":"Cookies and handling of personal data"}]},{"@type":"WebSite","@id":"https:\/\/styrsobolaget.se\/en\/#website","url":"https:\/\/styrsobolaget.se\/en\/","name":"styrsobolaget.se","description":"En del av Transdev","publisher":{"@id":"https:\/\/styrsobolaget.se\/en\/#organization"},"alternateName":"Styrs\u00f6bolaget","potentialAction":[{"@type":"SearchAction","target":{"@type":"EntryPoint","urlTemplate":"https:\/\/styrsobolaget.se\/en\/?s={search_term_string}"},"query-input":{"@type":"PropertyValueSpecification","valueRequired":true,"valueName":"search_term_string"}}],"inLanguage":"en-US"},{"@type":"Organization","@id":"https:\/\/styrsobolaget.se\/en\/#organization","name":"AB G\u00f6teborg-Styrs\u00f6 Sk\u00e4rg\u00e5rdstrafik","alternateName":"Styrs\u00f6bolaget","url":"https:\/\/styrsobolaget.se\/en\/","logo":{"@type":"ImageObject","inLanguage":"en-US","@id":"https:\/\/styrsobolaget.se\/en\/#\/schema\/logo\/image\/","url":"https:\/\/transdev.se\/wp-content\/uploads\/sites\/5\/2024\/07\/Site_representation_Styrso_696x696px.png","contentUrl":"https:\/\/transdev.se\/wp-content\/uploads\/sites\/5\/2024\/07\/Site_representation_Styrso_696x696px.png","width":696,"height":696,"caption":"AB G\u00f6teborg-Styrs\u00f6 Sk\u00e4rg\u00e5rdstrafik"},"image":{"@id":"https:\/\/styrsobolaget.se\/en\/#\/schema\/logo\/image\/"},"sameAs":["https:\/\/www.facebook.com\/profile.php?id=100057580144597","https:\/\/www.instagram.com\/styrsobolaget\/","https:\/\/www.linkedin.com\/company\/styrsobolaget\/"]}]}},"_links":{"self":[{"href":"https:\/\/styrsobolaget.se\/en\/wp-json\/wp\/v2\/pages\/4892","targetHints":{"allow":["GET"]}}],"collection":[{"href":"https:\/\/styrsobolaget.se\/en\/wp-json\/wp\/v2\/pages"}],"about":[{"href":"https:\/\/styrsobolaget.se\/en\/wp-json\/wp\/v2\/types\/page"}],"author":[{"embeddable":true,"href":"https:\/\/styrsobolaget.se\/en\/wp-json\/wp\/v2\/users\/1"}],"replies":[{"embeddable":true,"href":"https:\/\/styrsobolaget.se\/en\/wp-json\/wp\/v2\/comments?post=4892"}],"version-history":[{"count":8,"href":"https:\/\/styrsobolaget.se\/en\/wp-json\/wp\/v2\/pages\/4892\/revisions"}],"predecessor-version":[{"id":4907,"href":"https:\/\/styrsobolaget.se\/en\/wp-json\/wp\/v2\/pages\/4892\/revisions\/4907"}],"wp:attachment":[{"href":"https:\/\/styrsobolaget.se\/en\/wp-json\/wp\/v2\/media?parent=4892"}],"curies":[{"name":"wp","href":"https:\/\/api.w.org\/{rel}","templated":true}]}}